{"id":406,"date":"2017-10-21T13:57:07","date_gmt":"2017-10-21T11:57:07","guid":{"rendered":"http:\/\/kancelarietarnow.pl\/?page_id=406"},"modified":"2023-06-06T15:56:47","modified_gmt":"2023-06-06T13:56:47","slug":"blog","status":"publish","type":"page","link":"http:\/\/kancelarietarnow.pl\/en\/blog\/","title":{"rendered":"Blog"},"content":{"rendered":"<p>[et_pb_section fb_built=&#8221;1&#8243; inner_shadow=&#8221;on&#8221; fullwidth=&#8221;on&#8221; _builder_version=&#8221;4.16&#8243; background_color=&#8221;#f4f4f4&#8243; custom_padding=&#8221;0px|0px|0px|0px&#8221; global_colors_info=&#8221;{}&#8221;][et_pb_fullwidth_header title=&#8221;Blog&#8221; button_one_text=&#8221;Wr\u00f3\u0107 na stron\u0119 g\u0142\u00f3wn\u0105&#8221; button_one_url=&#8221;https:\/\/www.kancelarietarnow.pl&#8221; admin_label=&#8221;Fullwidth Header&#8221; _builder_version=&#8221;4.21.0&#8243; title_font=&#8221;Crete Round||||&#8221; title_text_color=&#8221;#324751&#8243; title_font_size=&#8221;50px&#8221; background_color=&#8221;rgba(255, 255, 255, 0)&#8221; custom_button_one=&#8221;on&#8221; button_one_text_color=&#8221;#314653&#8243; button_one_border_color=&#8221;#314653&#8243; background_layout=&#8221;light&#8221; hover_enabled=&#8221;0&#8243; button_one_border_color_hover=&#8221;#eaeaea&#8221; button_one_bg_color_hover=&#8221;#eaeaea&#8221; global_colors_info=&#8221;{}&#8221; button_one_text_size__hover_enabled=&#8221;off&#8221; button_two_text_size__hover_enabled=&#8221;off&#8221; button_one_text_color__hover_enabled=&#8221;off&#8221; button_two_text_color__hover_enabled=&#8221;off&#8221; button_one_border_width__hover_enabled=&#8221;off&#8221; button_two_border_width__hover_enabled=&#8221;off&#8221; button_one_border_color__hover_enabled=&#8221;on&#8221; button_one_border_color__hover=&#8221;#eaeaea&#8221; button_two_border_color__hover_enabled=&#8221;off&#8221; button_one_border_radius__hover_enabled=&#8221;off&#8221; button_two_border_radius__hover_enabled=&#8221;off&#8221; button_one_letter_spacing__hover_enabled=&#8221;off&#8221; button_two_letter_spacing__hover_enabled=&#8221;off&#8221; button_one_bg_color__hover_enabled=&#8221;on&#8221; button_one_bg_color__hover=&#8221;#eaeaea&#8221; button_two_bg_color__hover_enabled=&#8221;off&#8221; sticky_enabled=&#8221;0&#8243;][\/et_pb_fullwidth_header][\/et_pb_section][et_pb_section fb_built=&#8221;1&#8243; _builder_version=&#8221;4.16&#8243; background_color=&#8221;#ffffff&#8221; global_colors_info=&#8221;{}&#8221;][et_pb_row _builder_version=&#8221;4.16&#8243; background_size=&#8221;initial&#8221; background_position=&#8221;top_left&#8221; background_repeat=&#8221;repeat&#8221; custom_padding=&#8221;0px|0px|0px|0px&#8221; global_colors_info=&#8221;{}&#8221;][et_pb_column type=&#8221;4_4&#8243; _builder_version=&#8221;4.16&#8243; custom_padding=&#8221;|||&#8221; global_colors_info=&#8221;{}&#8221; custom_padding__hover=&#8221;|||&#8221;][et_pb_blog show_thumbnail=&#8221;off&#8221; show_more=&#8221;on&#8221; show_author=&#8221;off&#8221; show_categories=&#8221;off&#8221; _builder_version=&#8221;4.16&#8243; header_font=&#8221;Crete Round||||&#8221; header_text_color=&#8221;#324751&#8243; header_font_size=&#8221;28px&#8221; body_font=&#8221;PT Sans||||&#8221; meta_font=&#8221;||||&#8221; pagination_font=&#8221;||||&#8221; custom_margin=&#8221;|||&#8221; custom_padding=&#8221;|||&#8221; global_colors_info=&#8221;{}&#8221;][\/et_pb_blog][\/et_pb_column][\/et_pb_row][\/et_pb_section]<\/p>","protected":false},"excerpt":{"rendered":"","protected":false},"author":1,"featured_media":0,"parent":0,"menu_order":0,"comment_status":"closed","ping_status":"closed","template":"","meta":{"_et_pb_use_builder":"on","_et_pb_old_content":"","_et_gb_content_width":""},"aioseo_notices":[],"_links":{"self":[{"href":"http:\/\/kancelarietarnow.pl\/en\/wp-json\/wp\/v2\/pages\/406"}],"collection":[{"href":"http:\/\/kancelarietarnow.pl\/en\/wp-json\/wp\/v2\/pages"}],"about":[{"href":"http:\/\/kancelarietarnow.pl\/en\/wp-json\/wp\/v2\/types\/page"}],"author":[{"embeddable":true,"href":"http:\/\/kancelarietarnow.pl\/en\/wp-json\/wp\/v2\/users\/1"}],"replies":[{"embeddable":true,"href":"http:\/\/kancelarietarnow.pl\/en\/wp-json\/wp\/v2\/comments?post=406"}],"version-history":[{"count":7,"href":"http:\/\/kancelarietarnow.pl\/en\/wp-json\/wp\/v2\/pages\/406\/revisions"}],"predecessor-version":[{"id":976,"href":"http:\/\/kancelarietarnow.pl\/en\/wp-json\/wp\/v2\/pages\/406\/revisions\/976"}],"wp:attachment":[{"href":"http:\/\/kancelarietarnow.pl\/en\/wp-json\/wp\/v2\/media?parent=406"}],"curies":[{"name":"wp","href":"https:\/\/api.w.org\/{rel}","templated":true}]}}